{"id":44,"date":"2024-12-04T18:39:19","date_gmt":"2024-12-04T18:39:19","guid":{"rendered":"https:\/\/joborgesmusic.com\/?page_id=44"},"modified":"2025-06-03T17:26:11","modified_gmt":"2025-06-03T16:26:11","slug":"home","status":"publish","type":"page","link":"https:\/\/joborgesmusic.com\/","title":{"rendered":"Home"},"content":{"rendered":"\n<div class=\"wp-block-columns is-layout-flex wp-container-core-columns-is-layout-9d6595d7 wp-block-columns-is-layout-flex\">\n<div class=\"wp-block-column is-vertically-aligned-center has-background has-huge-font-size is-layout-flow wp-block-column-is-layout-flow\" style=\"background-color:#00000054\">\n<blockquote class=\"wp-block-quote is-style-default has-small-font-size is-layout-flow wp-block-quote-is-layout-flow\">\n<p class=\"has-text-align-center has-white-color has-text-color has-link-color has-normal-font-size wp-elements-0917cba9b7a944c351f6ab4461adc840\">Cada filme, uma nova hist\u00f3ria apaixonada <br>de possibilidades e descobertas.\u2028<br>Sonoridades, texturas, beats. <br>Ritmo, melodia, simplesmente som.<br>\u2028Num di\u00e1logo criativo, o filme conversa comigo, em silencio, <br>revelando sua atmosfera particular, sua identidade, art\u00edstica, singular.<br> A cada cena, a \u00f3tica do diretor se revela, apontando o caminho <br>das composi\u00e7\u00f5es que ir\u00e3o dar suporte a narrativa do filme, <br>contemplando as particularidades da hist\u00f3ria, de cada personagem.\u2028<br>Nessa atmosfera de conex\u00e3o art\u00edstica, a m\u00fasica nasce, primeiro na minha mente, <br>ent\u00e3o flui atrav\u00e9s de mim, como um desdobramento da cria\u00e7\u00e3o que j\u00e1 estava ali, <br>esperando pra ser trazida a tona e contemplar a arte, completar o todo.<br>\u2028Pra mim, essa \u00e9 a magia de compor para o audiovisual e \u00e9 por tudo isso, que eu amo o que fa\u00e7o!<\/p>\n\n\n\n<p class=\"has-text-align-center has-white-color has-text-color has-link-color has-normal-font-size wp-elements-8e1411c00846f48370d3dfe616ec90c3\"><\/p>\n<cite><em>JO BORGES<\/em><\/cite><\/blockquote>\n<\/div>\n<\/div>\n\n\n\n<p><\/p>\n","protected":false},"excerpt":{"rendered":"<p>Cada filme, uma nova hist\u00f3ria apaixonada de possibilidades e descobertas.\u2028Sonoridades, texturas, beats. Ritmo, melodia, simplesmente som.\u2028Num di\u00e1logo criativo, o filme<\/p>\n<p><a href=\"https:\/\/joborgesmusic.com\/\" class=\"more-link\">Continue reading<span class=\"screen-reader-text\">Home<\/span><\/a><\/p>\n","protected":false},"author":1,"featured_media":201,"parent":0,"menu_order":0,"comment_status":"closed","ping_status":"closed","template":"templates\/full-width-page.php","meta":{"_themeisle_gutenberg_block_has_review":false,"footnotes":""},"class_list":["post-44","page","type-page","status-publish","has-post-thumbnail","hentry"],"_links":{"self":[{"href":"https:\/\/joborgesmusic.com\/index.php?rest_route=\/wp\/v2\/pages\/44","targetHints":{"allow":["GET"]}}],"collection":[{"href":"https:\/\/joborgesmusic.com\/index.php?rest_route=\/wp\/v2\/pages"}],"about":[{"href":"https:\/\/joborgesmusic.com\/index.php?rest_route=\/wp\/v2\/types\/page"}],"author":[{"embeddable":true,"href":"https:\/\/joborgesmusic.com\/index.php?rest_route=\/wp\/v2\/users\/1"}],"replies":[{"embeddable":true,"href":"https:\/\/joborgesmusic.com\/index.php?rest_route=%2Fwp%2Fv2%2Fcomments&post=44"}],"version-history":[{"count":40,"href":"https:\/\/joborgesmusic.com\/index.php?rest_route=\/wp\/v2\/pages\/44\/revisions"}],"predecessor-version":[{"id":309,"href":"https:\/\/joborgesmusic.com\/index.php?rest_route=\/wp\/v2\/pages\/44\/revisions\/309"}],"wp:featuredmedia":[{"embeddable":true,"href":"https:\/\/joborgesmusic.com\/index.php?rest_route=\/wp\/v2\/media\/201"}],"wp:attachment":[{"href":"https:\/\/joborgesmusic.com\/index.php?rest_route=%2Fwp%2Fv2%2Fmedia&parent=44"}],"curies":[{"name":"wp","href":"https:\/\/api.w.org\/{rel}","templated":true}]}}